{"id":2536,"date":"2019-10-04T08:06:57","date_gmt":"2019-10-04T06:06:57","guid":{"rendered":"https:\/\/www.neshergallery.com\/privacy-e-protezione-dei-dati\/"},"modified":"2020-04-10T10:55:14","modified_gmt":"2020-04-10T08:55:14","slug":"privacy-e-protezione-dei-dati","status":"publish","type":"page","link":"https:\/\/www.neshergallery.com\/it\/avviso-legale\/privacy-e-protezione-dei-dati\/","title":{"rendered":"Privacy e protezione dei dati"},"content":{"rendered":"\t\t<div data-elementor-type=\"wp-page\" data-elementor-id=\"2536\" class=\"elementor elementor-2536 elementor-3\" data-elementor-post-type=\"page\">\n\t\t\t\t\t\t<section class=\"elementor-section elementor-top-section elementor-element elementor-element-20e6142 elementor-section-height-min-height elementor-section-content-middle elementor-section-boxed elementor-section-height-default elementor-section-items-middle\" data-id=\"20e6142\" data-element_type=\"section\" data-settings=\"{&quot;background_background&quot;:&quot;classic&quot;}\">\n\t\t\t\t\t\t<div class=\"elementor-container elementor-column-gap-default\">\n\t\t\t\t\t<div class=\"elementor-column elementor-col-100 elementor-top-column elementor-element elementor-element-0c6c35d\" data-id=\"0c6c35d\" data-element_type=\"column\">\n\t\t\t<div class=\"elementor-widget-wrap elementor-element-populated\">\n\t\t\t\t\t\t<div class=\"elementor-element elementor-element-25aa041 elementor-widget elementor-widget-heading\" data-id=\"25aa041\" data-element_type=\"widget\" data-widget_type=\"heading.default\">\n\t\t\t\t<div class=\"elementor-widget-container\">\n\t\t\t\t\t<h1 class=\"elementor-heading-title elementor-size-default\">Privacy e protezione dei dati<\/h1>\t\t\t\t<\/div>\n\t\t\t\t<\/div>\n\t\t\t\t\t<\/div>\n\t\t<\/div>\n\t\t\t\t\t<\/div>\n\t\t<\/section>\n\t\t\t\t<section class=\"elementor-section elementor-top-section elementor-element elementor-element-418447cb elementor-section-content-middle elementor-section-boxed elementor-section-height-default elementor-section-height-default\" data-id=\"418447cb\" data-element_type=\"section\" data-settings=\"{&quot;background_background&quot;:&quot;classic&quot;}\">\n\t\t\t\t\t\t<div class=\"elementor-container elementor-column-gap-no\">\n\t\t\t\t\t<div class=\"elementor-column elementor-col-50 elementor-top-column elementor-element elementor-element-618c856\" data-id=\"618c856\" data-element_type=\"column\">\n\t\t\t<div class=\"elementor-widget-wrap elementor-element-populated\">\n\t\t\t\t\t\t<div class=\"elementor-element elementor-element-3b60a3aa elementor-widget elementor-widget-breadcrumbs\" data-id=\"3b60a3aa\" data-element_type=\"widget\" data-widget_type=\"breadcrumbs.default\">\n\t\t\t\t<div class=\"elementor-widget-container\">\n\t\t\t\t\t<p id=\"breadcrumbs\"><span><span><a href=\"https:\/\/www.neshergallery.com\/it\/\">HOME<\/a><\/span><\/span><\/p>\t\t\t\t<\/div>\n\t\t\t\t<\/div>\n\t\t\t\t\t<\/div>\n\t\t<\/div>\n\t\t\t\t<div class=\"elementor-column elementor-col-50 elementor-top-column elementor-element elementor-element-f460f89\" data-id=\"f460f89\" data-element_type=\"column\">\n\t\t\t<div class=\"elementor-widget-wrap elementor-element-populated\">\n\t\t\t\t\t\t<div class=\"elementor-element elementor-element-14f6d42c elementor-nav-menu__align-end elementor-nav-menu--stretch elementor-nav-menu--dropdown-tablet elementor-nav-menu__text-align-aside elementor-nav-menu--toggle elementor-nav-menu--burger elementor-widget elementor-widget-nav-menu\" data-id=\"14f6d42c\" data-element_type=\"widget\" data-settings=\"{&quot;full_width&quot;:&quot;stretch&quot;,&quot;submenu_icon&quot;:{&quot;value&quot;:&quot;&lt;i class=\\&quot;fas fa-chevron-down\\&quot; aria-hidden=\\&quot;true\\&quot;&gt;&lt;\\\/i&gt;&quot;,&quot;library&quot;:&quot;fa-solid&quot;},&quot;layout&quot;:&quot;horizontal&quot;,&quot;toggle&quot;:&quot;burger&quot;}\" data-widget_type=\"nav-menu.default\">\n\t\t\t\t<div class=\"elementor-widget-container\">\n\t\t\t\t\t\t\t\t<nav aria-label=\"Menu\" class=\"elementor-nav-menu--main elementor-nav-menu__container elementor-nav-menu--layout-horizontal e--pointer-text e--animation-none\">\n\t\t\t\t<ul id=\"menu-1-14f6d42c\" class=\"elementor-nav-menu\"><li class=\"menu-item menu-item-type-taxonomy menu-item-object-product_cat menu-item-has-children menu-item-2782\"><a href=\"https:\/\/www.neshergallery.com\/it\/categoria-prodotto\/sculture-iconiche\/\" class=\"elementor-item\">Sculture Iconiche<\/a>\n<ul class=\"sub-menu elementor-nav-menu--dropdown\">\n\t<li class=\"menu-item menu-item-type-taxonomy menu-item-object-product_cat menu-item-2783\"><a href=\"https:\/\/www.neshergallery.com\/it\/categoria-prodotto\/sculture-iconiche\/maria\/\" class=\"elementor-sub-item\">Maria<\/a><\/li>\n\t<li class=\"menu-item menu-item-type-taxonomy menu-item-object-product_cat menu-item-2784\"><a href=\"https:\/\/www.neshergallery.com\/it\/categoria-prodotto\/sculture-iconiche\/maria-edizioni-limitate\/\" class=\"elementor-sub-item\">MARIA Edizioni Limitate<\/a><\/li>\n\t<li class=\"menu-item menu-item-type-taxonomy menu-item-object-product_cat menu-item-2785\"><a href=\"https:\/\/www.neshergallery.com\/it\/categoria-prodotto\/sculture-iconiche\/maria-ingrandita\/\" class=\"elementor-sub-item\">MARIA Ingrandita<\/a><\/li>\n\t<li class=\"menu-item menu-item-type-taxonomy menu-item-object-product_cat menu-item-2787\"><a href=\"https:\/\/www.neshergallery.com\/it\/categoria-prodotto\/sculture-iconiche\/tau\/\" class=\"elementor-sub-item\">Tau<\/a><\/li>\n\t<li class=\"menu-item menu-item-type-taxonomy menu-item-object-product_cat menu-item-2786\"><a href=\"https:\/\/www.neshergallery.com\/it\/categoria-prodotto\/sculture-iconiche\/croce-di-betlemme\/\" class=\"elementor-sub-item\">Croce di Betlemme<\/a><\/li>\n\t<li class=\"menu-item menu-item-type-taxonomy menu-item-object-product_cat menu-item-2789\"><a href=\"https:\/\/www.neshergallery.com\/it\/categoria-prodotto\/sculture-iconiche\/crocifisso\/\" class=\"elementor-sub-item\">Crocifisso<\/a><\/li>\n\t<li class=\"menu-item menu-item-type-taxonomy menu-item-object-product_cat menu-item-12152\"><a href=\"https:\/\/www.neshergallery.com\/it\/categoria-prodotto\/sculture-iconiche\/bastone-del-pellegrino\/\" class=\"elementor-sub-item\">BASTONE DEL PELLEGRINO<\/a><\/li>\n\t<li class=\"menu-item menu-item-type-taxonomy menu-item-object-product_cat menu-item-2788\"><a href=\"https:\/\/www.neshergallery.com\/it\/categoria-prodotto\/sculture-iconiche\/ressurrezione\/\" class=\"elementor-sub-item\">Ressurrezione<\/a><\/li>\n<\/ul>\n<\/li>\n<li class=\"menu-item menu-item-type-taxonomy menu-item-object-product_cat menu-item-has-children menu-item-2791\"><a href=\"https:\/\/www.neshergallery.com\/it\/categoria-prodotto\/icone-da-indossare\/\" class=\"elementor-item\">Icone da indossare<\/a>\n<ul class=\"sub-menu elementor-nav-menu--dropdown\">\n\t<li class=\"menu-item menu-item-type-taxonomy menu-item-object-product_cat menu-item-2792\"><a href=\"https:\/\/www.neshergallery.com\/it\/categoria-prodotto\/icone-da-indossare\/maria-collana\/\" class=\"elementor-sub-item\">MARIA \u00b7 collana<\/a><\/li>\n\t<li class=\"menu-item menu-item-type-taxonomy menu-item-object-product_cat menu-item-2793\"><a href=\"https:\/\/www.neshergallery.com\/it\/categoria-prodotto\/icone-da-indossare\/tau-collana\/\" class=\"elementor-sub-item\">TAU \u00b7 collana<\/a><\/li>\n\t<li class=\"menu-item menu-item-type-taxonomy menu-item-object-product_cat menu-item-2794\"><a href=\"https:\/\/www.neshergallery.com\/it\/categoria-prodotto\/icone-da-indossare\/croce-betlemme-collana\/\" class=\"elementor-sub-item\">CROCE DI BETLEMME \u00b7 collana<\/a><\/li>\n\t<li class=\"menu-item menu-item-type-taxonomy menu-item-object-product_cat menu-item-2795\"><a href=\"https:\/\/www.neshergallery.com\/it\/categoria-prodotto\/icone-da-indossare\/crocifisso-collana\/\" class=\"elementor-sub-item\">Crocifisso \u00b7 collana<\/a><\/li>\n<\/ul>\n<\/li>\n<\/ul>\t\t\t<\/nav>\n\t\t\t\t\t<div class=\"elementor-menu-toggle\" role=\"button\" tabindex=\"0\" aria-label=\"Menu di commutazione\" aria-expanded=\"false\">\n\t\t\t<i aria-hidden=\"true\" role=\"presentation\" class=\"elementor-menu-toggle__icon--open eicon-menu-bar\"><\/i><i aria-hidden=\"true\" role=\"presentation\" class=\"elementor-menu-toggle__icon--close eicon-close\"><\/i>\t\t<\/div>\n\t\t\t\t\t<nav class=\"elementor-nav-menu--dropdown elementor-nav-menu__container\" aria-hidden=\"true\">\n\t\t\t\t<ul id=\"menu-2-14f6d42c\" class=\"elementor-nav-menu\"><li class=\"menu-item menu-item-type-taxonomy menu-item-object-product_cat menu-item-has-children menu-item-2782\"><a href=\"https:\/\/www.neshergallery.com\/it\/categoria-prodotto\/sculture-iconiche\/\" class=\"elementor-item\" tabindex=\"-1\">Sculture Iconiche<\/a>\n<ul class=\"sub-menu elementor-nav-menu--dropdown\">\n\t<li class=\"menu-item menu-item-type-taxonomy menu-item-object-product_cat menu-item-2783\"><a href=\"https:\/\/www.neshergallery.com\/it\/categoria-prodotto\/sculture-iconiche\/maria\/\" class=\"elementor-sub-item\" tabindex=\"-1\">Maria<\/a><\/li>\n\t<li class=\"menu-item menu-item-type-taxonomy menu-item-object-product_cat menu-item-2784\"><a href=\"https:\/\/www.neshergallery.com\/it\/categoria-prodotto\/sculture-iconiche\/maria-edizioni-limitate\/\" class=\"elementor-sub-item\" tabindex=\"-1\">MARIA Edizioni Limitate<\/a><\/li>\n\t<li class=\"menu-item menu-item-type-taxonomy menu-item-object-product_cat menu-item-2785\"><a href=\"https:\/\/www.neshergallery.com\/it\/categoria-prodotto\/sculture-iconiche\/maria-ingrandita\/\" class=\"elementor-sub-item\" tabindex=\"-1\">MARIA Ingrandita<\/a><\/li>\n\t<li class=\"menu-item menu-item-type-taxonomy menu-item-object-product_cat menu-item-2787\"><a href=\"https:\/\/www.neshergallery.com\/it\/categoria-prodotto\/sculture-iconiche\/tau\/\" class=\"elementor-sub-item\" tabindex=\"-1\">Tau<\/a><\/li>\n\t<li class=\"menu-item menu-item-type-taxonomy menu-item-object-product_cat menu-item-2786\"><a href=\"https:\/\/www.neshergallery.com\/it\/categoria-prodotto\/sculture-iconiche\/croce-di-betlemme\/\" class=\"elementor-sub-item\" tabindex=\"-1\">Croce di Betlemme<\/a><\/li>\n\t<li class=\"menu-item menu-item-type-taxonomy menu-item-object-product_cat menu-item-2789\"><a href=\"https:\/\/www.neshergallery.com\/it\/categoria-prodotto\/sculture-iconiche\/crocifisso\/\" class=\"elementor-sub-item\" tabindex=\"-1\">Crocifisso<\/a><\/li>\n\t<li class=\"menu-item menu-item-type-taxonomy menu-item-object-product_cat menu-item-12152\"><a href=\"https:\/\/www.neshergallery.com\/it\/categoria-prodotto\/sculture-iconiche\/bastone-del-pellegrino\/\" class=\"elementor-sub-item\" tabindex=\"-1\">BASTONE DEL PELLEGRINO<\/a><\/li>\n\t<li class=\"menu-item menu-item-type-taxonomy menu-item-object-product_cat menu-item-2788\"><a href=\"https:\/\/www.neshergallery.com\/it\/categoria-prodotto\/sculture-iconiche\/ressurrezione\/\" class=\"elementor-sub-item\" tabindex=\"-1\">Ressurrezione<\/a><\/li>\n<\/ul>\n<\/li>\n<li class=\"menu-item menu-item-type-taxonomy menu-item-object-product_cat menu-item-has-children menu-item-2791\"><a href=\"https:\/\/www.neshergallery.com\/it\/categoria-prodotto\/icone-da-indossare\/\" class=\"elementor-item\" tabindex=\"-1\">Icone da indossare<\/a>\n<ul class=\"sub-menu elementor-nav-menu--dropdown\">\n\t<li class=\"menu-item menu-item-type-taxonomy menu-item-object-product_cat menu-item-2792\"><a href=\"https:\/\/www.neshergallery.com\/it\/categoria-prodotto\/icone-da-indossare\/maria-collana\/\" class=\"elementor-sub-item\" tabindex=\"-1\">MARIA \u00b7 collana<\/a><\/li>\n\t<li class=\"menu-item menu-item-type-taxonomy menu-item-object-product_cat menu-item-2793\"><a href=\"https:\/\/www.neshergallery.com\/it\/categoria-prodotto\/icone-da-indossare\/tau-collana\/\" class=\"elementor-sub-item\" tabindex=\"-1\">TAU \u00b7 collana<\/a><\/li>\n\t<li class=\"menu-item menu-item-type-taxonomy menu-item-object-product_cat menu-item-2794\"><a href=\"https:\/\/www.neshergallery.com\/it\/categoria-prodotto\/icone-da-indossare\/croce-betlemme-collana\/\" class=\"elementor-sub-item\" tabindex=\"-1\">CROCE DI BETLEMME \u00b7 collana<\/a><\/li>\n\t<li class=\"menu-item menu-item-type-taxonomy menu-item-object-product_cat menu-item-2795\"><a href=\"https:\/\/www.neshergallery.com\/it\/categoria-prodotto\/icone-da-indossare\/crocifisso-collana\/\" class=\"elementor-sub-item\" tabindex=\"-1\">Crocifisso \u00b7 collana<\/a><\/li>\n<\/ul>\n<\/li>\n<\/ul>\t\t\t<\/nav>\n\t\t\t\t\t\t<\/div>\n\t\t\t\t<\/div>\n\t\t\t\t\t<\/div>\n\t\t<\/div>\n\t\t\t\t\t<\/div>\n\t\t<\/section>\n\t\t\t\t<section class=\"elementor-section elementor-top-section elementor-element elementor-element-4170f3d6 elementor-section-boxed elementor-section-height-default elementor-section-height-default\" data-id=\"4170f3d6\" data-element_type=\"section\">\n\t\t\t\t\t\t<div class=\"elementor-container elementor-column-gap-default\">\n\t\t\t\t\t<div class=\"elementor-column elementor-col-100 elementor-top-column elementor-element elementor-element-76e1a567\" data-id=\"76e1a567\" data-element_type=\"column\">\n\t\t\t<div class=\"elementor-widget-wrap elementor-element-populated\">\n\t\t\t\t\t\t<div class=\"elementor-element elementor-element-544d358c elementor-widget elementor-widget-text-editor\" data-id=\"544d358c\" data-element_type=\"widget\" data-widget_type=\"text-editor.default\">\n\t\t\t\t<div class=\"elementor-widget-container\">\n\t\t\t\t\t\t\t\t\t<p><\/p>\n<h2><strong>P<b>rivacy e protezione dei dati<\/b><\/strong><\/h2>\n<p><span style=\"font-weight: 400;\">In conformit\u00e0 con le disposizioni della Legge Organica 15\/1999 sulla Protezione dei Dati Personali,\u00a0 e il regolamento generale dell&#8217;Unione europea sulla protezione dei dati (GDPS) del 25 maggio 2018 si dichiara che la compilazione da parte del rimettente di qualsiasi formulario del sito www.nesher.gallery.com o qualsiasi dato inviato via e-mail a info@nesher.org saranno trattati con la massima riservatezza. Dati questi che\u00a0 faranno parte del file automatizzato di propriet\u00e0 della NESHEREDITIONS SL, per la gestire la relazione commerciale e informativa con il remittente.\u00a0<\/span><\/p>\n<p><span style=\"font-weight: 400;\">La societ\u00e0 presume che i dati siano stati inseriti dall&#8217;utente o da persone da esso autorizzate e che sono veritieri. L\u2019utente, inoltre autorizza esplicitamente la <\/span><b>Galleria <\/b><span style=\"font-weight: 400;\">ad utilizzarli per l&#8217;invio di informazioni, promozioni o newsletter tramite qualsiasi mezzo.<\/span><span style=\"font-weight: 400;\"> \u00c8 responsabilit\u00e0 degli <\/span><span style=\"font-weight: 400;\">utenti registrati aggiornare i propri dati.<\/span><\/p>\n<p><span style=\"font-weight: 400;\">In qualsiasi momento l&#8217;Utente Registrato avr\u00e0 il diritto di accesso, rettifica e cancellazione di tutti i suoi dati personali. Per esercitare tale facolt\u00e0 (in particolare quella della cancellazione) dovr\u00e0 inviare una richiesta indirizzata alla <\/span><b>Galleria<\/b><span style=\"font-weight: 400;\"> all&#8217;indirizzo e-mail info@nesher.org. Per esercitare la facolt\u00e0 di rettifica o modifica dei dati personali, la <\/span><b>Galleria<\/b><span style=\"font-weight: 400;\"> consiglia di farlo attraverso il sito web stesso. Pertanto, l&#8217;Utente Registrato \u00e8 responsabile della veridicit\u00e0 dei dati e la<\/span><b> Galleria<\/b><span style=\"font-weight: 400;\"> non sar\u00e0 responsabile dell&#8217;inesattezza degli stessi.<\/span><\/p>\n<p><span style=\"font-weight: 400;\">In conformit\u00e0 alla normativa vigente, la <\/span><b>Galleria<\/b><span style=\"font-weight: 400;\"> ha adottato i livelli di sicurezza adeguati e, inoltre, ha installato tutti i mezzi e le misure a sua disposizione per prevenire la perdita, il cattivo uso, l&#8217;alterazione, l&#8217;accesso non autorizzato e la copia degli stessi.<\/span><\/p>\n<p><span style=\"font-weight: 400;\">NESHER pu\u00f2 utilizzare i cookies durante la fornitura dei servizi del SITO. I cookies sono file fisici di informazioni personali ospitati nel terminale dell&#8217;utente. L&#8217;utente ha la possibilit\u00e0 di configurare il proprio programma di navigazione in modo che la creazione di file cookie venga impedita o avvertita.<\/span><\/p>\n<p><\/p>\n\t\t\t\t\t\t\t\t<\/div>\n\t\t\t\t<\/div>\n\t\t\t\t\t<\/div>\n\t\t<\/div>\n\t\t\t\t\t<\/div>\n\t\t<\/section>\n\t\t\t\t<\/div>\n\t\t","protected":false},"excerpt":{"rendered":"<p>Privacy e protezione dei dati Privacy e protezione dei dati In conformit\u00e0 con le disposizioni della Legge Organica 15\/1999 sulla Protezione dei Dati Personali,\u00a0 e il regolamento generale dell&#8217;Unione europea sulla protezione dei dati (GDPS) del 25 maggio 2018 si dichiara che la compilazione da parte del rimettente di qualsiasi formulario del sito www.nesher.gallery.com o &#8230; <\/p>\n<p class=\"read-more-container\"><a title=\"Privacy e protezione dei dati\" class=\"read-more button\" href=\"https:\/\/www.neshergallery.com\/it\/avviso-legale\/privacy-e-protezione-dei-dati\/#more-2536\" aria-label=\"More on Privacy e protezione dei dati\">Leggi tutto<\/a><\/p>\n","protected":false},"author":13,"featured_media":0,"parent":2514,"menu_order":1000,"comment_status":"closed","ping_status":"closed","template":"","meta":{"_acf_changed":false,"footnotes":""},"class_list":["post-2536","page","type-page","status-publish"],"acf":[],"yoast_head":"<!-- This site is optimized with the Yoast SEO plugin v26.1.1 - https:\/\/yoast.com\/wordpress\/plugins\/seo\/ -->\n<title>Privacy e protezione dei dati &#8226; NESHERGALLERY<\/title>\n<meta name=\"description\" content=\"NESHERGALLERY is the place of reference to meet Iconic Sculptures, In &amp; outdoors sculptures, Wearable Icons, the Digital FineArt prints and Engravings by Guido Dettoni\" \/>\n<meta name=\"robots\" content=\"noindex, nofollow\" \/>\n<meta property=\"og:locale\" content=\"it_IT\" \/>\n<meta property=\"og:type\" content=\"article\" \/>\n<meta property=\"og:title\" content=\"Privacy e protezione dei dati &#8226; NESHERGALLERY\" \/>\n<meta property=\"og:description\" content=\"NESHERGALLERY is the place of reference to meet Iconic Sculptures, In &amp; outdoors sculptures, Wearable Icons, the Digital FineArt prints and Engravings by Guido Dettoni\" \/>\n<meta property=\"og:url\" content=\"https:\/\/www.neshergallery.com\/it\/avviso-legale\/privacy-e-protezione-dei-dati\/\" \/>\n<meta property=\"og:site_name\" content=\"NESHERGALLERY\" \/>\n<meta property=\"article:publisher\" content=\"https:\/\/www.facebook.com\/mostramaria\" \/>\n<meta property=\"article:modified_time\" content=\"2020-04-10T08:55:14+00:00\" \/>\n<meta name=\"twitter:card\" content=\"summary_large_image\" \/>\n<meta name=\"twitter:label1\" content=\"Tempo di lettura stimato\" \/>\n\t<meta name=\"twitter:data1\" content=\"2 minuti\" \/>\n<script type=\"application\/ld+json\" class=\"yoast-schema-graph\">{\"@context\":\"https:\/\/schema.org\",\"@graph\":[{\"@type\":\"WebPage\",\"@id\":\"https:\/\/www.neshergallery.com\/it\/avviso-legale\/privacy-e-protezione-dei-dati\/\",\"url\":\"https:\/\/www.neshergallery.com\/it\/avviso-legale\/privacy-e-protezione-dei-dati\/\",\"name\":\"Privacy e protezione dei dati &#8226; NESHERGALLERY\",\"isPartOf\":{\"@id\":\"https:\/\/www.neshergallery.com\/it\/#website\"},\"datePublished\":\"2019-10-04T06:06:57+00:00\",\"dateModified\":\"2020-04-10T08:55:14+00:00\",\"description\":\"NESHERGALLERY is the place of reference to meet Iconic Sculptures, In & outdoors sculptures, Wearable Icons, the Digital FineArt prints and Engravings by Guido Dettoni\",\"breadcrumb\":{\"@id\":\"https:\/\/www.neshergallery.com\/it\/avviso-legale\/privacy-e-protezione-dei-dati\/#breadcrumb\"},\"inLanguage\":\"it-IT\",\"potentialAction\":[{\"@type\":\"ReadAction\",\"target\":[\"https:\/\/www.neshergallery.com\/it\/avviso-legale\/privacy-e-protezione-dei-dati\/\"]}]},{\"@type\":\"BreadcrumbList\",\"@id\":\"https:\/\/www.neshergallery.com\/it\/avviso-legale\/privacy-e-protezione-dei-dati\/#breadcrumb\",\"itemListElement\":[{\"@type\":\"ListItem\",\"position\":1,\"name\":\"HOME\",\"item\":\"https:\/\/www.neshergallery.com\/it\/\"},{\"@type\":\"ListItem\",\"position\":2,\"name\":\"Avviso legale\",\"item\":\"https:\/\/www.neshergallery.com\/it\/avviso-legale\/\"},{\"@type\":\"ListItem\",\"position\":3,\"name\":\"Privacy e protezione dei dati\"}]},{\"@type\":\"WebSite\",\"@id\":\"https:\/\/www.neshergallery.com\/it\/#website\",\"url\":\"https:\/\/www.neshergallery.com\/it\/\",\"name\":\"NESHERGALLERY\",\"description\":\"Guido Dettoni\u2019s sacred art works\",\"publisher\":{\"@id\":\"https:\/\/www.neshergallery.com\/it\/#organization\"},\"potentialAction\":[{\"@type\":\"SearchAction\",\"target\":{\"@type\":\"EntryPoint\",\"urlTemplate\":\"https:\/\/www.neshergallery.com\/it\/?s={search_term_string}\"},\"query-input\":{\"@type\":\"PropertyValueSpecification\",\"valueRequired\":true,\"valueName\":\"search_term_string\"}}],\"inLanguage\":\"it-IT\"},{\"@type\":\"Organization\",\"@id\":\"https:\/\/www.neshergallery.com\/it\/#organization\",\"name\":\"SANTA MARIA DELLE ROSE'S SHOP\",\"alternateName\":\"iconic sculptures by Guido Dettoni della Grazia\",\"url\":\"https:\/\/www.neshergallery.com\/it\/\",\"logo\":{\"@type\":\"ImageObject\",\"inLanguage\":\"it-IT\",\"@id\":\"https:\/\/www.neshergallery.com\/it\/#\/schema\/logo\/image\/\",\"url\":\"https:\/\/www.neshergallery.com\/wp-content\/uploads\/2019\/10\/logo-masc-gd-shop-1.jpg\",\"contentUrl\":\"https:\/\/www.neshergallery.com\/wp-content\/uploads\/2019\/10\/logo-masc-gd-shop-1.jpg\",\"width\":1000,\"height\":172,\"caption\":\"SANTA MARIA DELLE ROSE'S SHOP\"},\"image\":{\"@id\":\"https:\/\/www.neshergallery.com\/it\/#\/schema\/logo\/image\/\"},\"sameAs\":[\"https:\/\/www.facebook.com\/mostramaria\",\"https:\/\/www.instagram.com\/mariaescultura\/\",\"https:\/\/www.youtube.com\/user\/nesherorg\"]}]}<\/script>\n<!-- \/ Yoast SEO plugin. -->","yoast_head_json":{"title":"Privacy e protezione dei dati &#8226; NESHERGALLERY","description":"NESHERGALLERY is the place of reference to meet Iconic Sculptures, In & outdoors sculptures, Wearable Icons, the Digital FineArt prints and Engravings by Guido Dettoni","robots":{"index":"noindex","follow":"nofollow"},"og_locale":"it_IT","og_type":"article","og_title":"Privacy e protezione dei dati &#8226; NESHERGALLERY","og_description":"NESHERGALLERY is the place of reference to meet Iconic Sculptures, In & outdoors sculptures, Wearable Icons, the Digital FineArt prints and Engravings by Guido Dettoni","og_url":"https:\/\/www.neshergallery.com\/it\/avviso-legale\/privacy-e-protezione-dei-dati\/","og_site_name":"NESHERGALLERY","article_publisher":"https:\/\/www.facebook.com\/mostramaria","article_modified_time":"2020-04-10T08:55:14+00:00","twitter_card":"summary_large_image","twitter_misc":{"Tempo di lettura stimato":"2 minuti"},"schema":{"@context":"https:\/\/schema.org","@graph":[{"@type":"WebPage","@id":"https:\/\/www.neshergallery.com\/it\/avviso-legale\/privacy-e-protezione-dei-dati\/","url":"https:\/\/www.neshergallery.com\/it\/avviso-legale\/privacy-e-protezione-dei-dati\/","name":"Privacy e protezione dei dati &#8226; NESHERGALLERY","isPartOf":{"@id":"https:\/\/www.neshergallery.com\/it\/#website"},"datePublished":"2019-10-04T06:06:57+00:00","dateModified":"2020-04-10T08:55:14+00:00","description":"NESHERGALLERY is the place of reference to meet Iconic Sculptures, In & outdoors sculptures, Wearable Icons, the Digital FineArt prints and Engravings by Guido Dettoni","breadcrumb":{"@id":"https:\/\/www.neshergallery.com\/it\/avviso-legale\/privacy-e-protezione-dei-dati\/#breadcrumb"},"inLanguage":"it-IT","potentialAction":[{"@type":"ReadAction","target":["https:\/\/www.neshergallery.com\/it\/avviso-legale\/privacy-e-protezione-dei-dati\/"]}]},{"@type":"BreadcrumbList","@id":"https:\/\/www.neshergallery.com\/it\/avviso-legale\/privacy-e-protezione-dei-dati\/#breadcrumb","itemListElement":[{"@type":"ListItem","position":1,"name":"HOME","item":"https:\/\/www.neshergallery.com\/it\/"},{"@type":"ListItem","position":2,"name":"Avviso legale","item":"https:\/\/www.neshergallery.com\/it\/avviso-legale\/"},{"@type":"ListItem","position":3,"name":"Privacy e protezione dei dati"}]},{"@type":"WebSite","@id":"https:\/\/www.neshergallery.com\/it\/#website","url":"https:\/\/www.neshergallery.com\/it\/","name":"NESHERGALLERY","description":"Guido Dettoni\u2019s sacred art works","publisher":{"@id":"https:\/\/www.neshergallery.com\/it\/#organization"},"potentialAction":[{"@type":"SearchAction","target":{"@type":"EntryPoint","urlTemplate":"https:\/\/www.neshergallery.com\/it\/?s={search_term_string}"},"query-input":{"@type":"PropertyValueSpecification","valueRequired":true,"valueName":"search_term_string"}}],"inLanguage":"it-IT"},{"@type":"Organization","@id":"https:\/\/www.neshergallery.com\/it\/#organization","name":"SANTA MARIA DELLE ROSE'S SHOP","alternateName":"iconic sculptures by Guido Dettoni della Grazia","url":"https:\/\/www.neshergallery.com\/it\/","logo":{"@type":"ImageObject","inLanguage":"it-IT","@id":"https:\/\/www.neshergallery.com\/it\/#\/schema\/logo\/image\/","url":"https:\/\/www.neshergallery.com\/wp-content\/uploads\/2019\/10\/logo-masc-gd-shop-1.jpg","contentUrl":"https:\/\/www.neshergallery.com\/wp-content\/uploads\/2019\/10\/logo-masc-gd-shop-1.jpg","width":1000,"height":172,"caption":"SANTA MARIA DELLE ROSE'S SHOP"},"image":{"@id":"https:\/\/www.neshergallery.com\/it\/#\/schema\/logo\/image\/"},"sameAs":["https:\/\/www.facebook.com\/mostramaria","https:\/\/www.instagram.com\/mariaescultura\/","https:\/\/www.youtube.com\/user\/nesherorg"]}]}},"_links":{"self":[{"href":"https:\/\/www.neshergallery.com\/it\/wp-json\/wp\/v2\/pages\/2536","targetHints":{"allow":["GET"]}}],"collection":[{"href":"https:\/\/www.neshergallery.com\/it\/wp-json\/wp\/v2\/pages"}],"about":[{"href":"https:\/\/www.neshergallery.com\/it\/wp-json\/wp\/v2\/types\/page"}],"author":[{"embeddable":true,"href":"https:\/\/www.neshergallery.com\/it\/wp-json\/wp\/v2\/users\/13"}],"replies":[{"embeddable":true,"href":"https:\/\/www.neshergallery.com\/it\/wp-json\/wp\/v2\/comments?post=2536"}],"version-history":[{"count":11,"href":"https:\/\/www.neshergallery.com\/it\/wp-json\/wp\/v2\/pages\/2536\/revisions"}],"predecessor-version":[{"id":2547,"href":"https:\/\/www.neshergallery.com\/it\/wp-json\/wp\/v2\/pages\/2536\/revisions\/2547"}],"up":[{"embeddable":true,"href":"https:\/\/www.neshergallery.com\/it\/wp-json\/wp\/v2\/pages\/2514"}],"wp:attachment":[{"href":"https:\/\/www.neshergallery.com\/it\/wp-json\/wp\/v2\/media?parent=2536"}],"curies":[{"name":"wp","href":"https:\/\/api.w.org\/{rel}","templated":true}]}}