{"id":2882,"date":"2020-01-08T12:02:43","date_gmt":"2020-01-08T11:02:43","guid":{"rendered":"https:\/\/www.neshergallery.com\/shop\/senza%20categoria\/maria-edizione-firmata-legno-tasso-grande\/"},"modified":"2025-02-01T08:26:43","modified_gmt":"2025-02-01T07:26:43","slug":"maria-legno-centenario-tasso-2","status":"publish","type":"product","link":"https:\/\/www.neshergallery.com\/it\/art-gallery\/sculture-iconiche\/maria-edizioni-limitate\/maria-legno-centenario-tasso-2\/","title":{"rendered":"MARIA Edizioni Limitate legno di tasso centenario"},"content":{"rendered":"<p>MARIA legno centenario di tasso.<br \/>\nMaria tra le mani.<br \/>\n21 esemplari firmati e numerati.<br \/>\nScolpite in legno centenario di tasso.<br \/>\nPresentata con un sacchetto di tessuto, certificato dell&#8217;artista e con volantino, con uno speciale cilindro di vetro e contenitore di cartone.<br \/>\n14 cm | 5.5 in<\/p>\n<p>Al momento del check-out, si prega d\u2019indicare nella Note del Cliente il numero del multiplo che avete scelto tra quelli mostrati. Grazie.<\/p>\n<p><span style=\"font-weight: 400;\">Grazie alla sua longevit\u00e0, il legno di Tasso significa anche l&#8217;immortalit\u00e0. Questo albero incarna cos\u00ec l&#8217;eternit\u00e0 mostrando alle anime il cammino verso il cielo sia per la sua verticalit\u00e0 che lo innalza verso il cielo, sia per le sue foglie perenni. Per questo motivo, sebbene il legno di tasso\u00a0 sia associato alla morte, quest&#8217;ultima diventa l&#8217;ingresso a una nuova vita e al suo continuo rinnovamento attraverso la trasformazione. Inoltre, qui troviamo\u00a0 il ciclo eterno della morte e della nascita: la porta attraverso la quale si entra nel cammino della vita eterna dell&#8217;anima e infine la promessa della vita contenuta nella morte.\u00a0<\/span><\/p>\n<p><strong><a href=\"http:\/\/maria.guidodettoni.com\/#content2\" target=\"_blank\" rel=\"noopener noreferrer\">www.maria.guidodettoni.com<\/a><\/strong><\/p>\n","protected":false},"excerpt":{"rendered":"<p>21 multipli firmati e numerati<br \/>\n14cm| 5,5 pollici<br \/>\nUltima copia<\/p>\n","protected":false},"featured_media":5293,"template":"","meta":{"_acf_changed":false},"product_brand":[],"product_cat":[110,104],"product_tag":[],"class_list":{"0":"post-2882","1":"product","2":"type-product","3":"status-publish","4":"has-post-thumbnail","6":"product_cat-sculture-iconiche","7":"product_cat-maria-edizioni-limitate","8":"sales-flash-overlay","9":"woocommerce-text-align-center","10":"woocommerce-image-align-center","11":"do-quantity-buttons","12":"wc-has-gallery","14":"first","15":"instock","16":"taxable","17":"shipping-taxable","18":"purchasable","19":"product-type-simple"},"acf":[],"yoast_head":"<!-- This site is optimized with the Yoast SEO plugin v26.1.1 - https:\/\/yoast.com\/wordpress\/plugins\/seo\/ -->\n<title>MARIA Edizioni Limitate legno di tasso centenario legno centenario di tasso<\/title>\n<meta name=\"description\" content=\"Maria tra le mani. MARIA scolpite in legno centenario di tasso, 22 esemplari firmati e numerati. Dimensioni: 8 cm | 3 in. NESHERGALLERY..\" \/>\n<meta name=\"robots\" content=\"index, follow, max-snippet:-1, max-image-preview:large, max-video-preview:-1\" \/>\n<link rel=\"canonical\" href=\"https:\/\/www.neshergallery.com\/it\/art-gallery\/sculture-iconiche\/maria-edizioni-limitate\/maria-legno-centenario-tasso-2\/\" \/>\n<meta property=\"og:locale\" content=\"it_IT\" \/>\n<meta property=\"og:type\" content=\"article\" \/>\n<meta property=\"og:title\" content=\"MARIA Edizioni Limitate legno di tasso centenario legno centenario di tasso\" \/>\n<meta property=\"og:description\" content=\"Maria tra le mani. MARIA scolpite in legno centenario di tasso, 22 esemplari firmati e numerati. Dimensioni: 8 cm | 3 in. NESHERGALLERY..\" \/>\n<meta property=\"og:url\" content=\"https:\/\/www.neshergallery.com\/it\/art-gallery\/sculture-iconiche\/maria-edizioni-limitate\/maria-legno-centenario-tasso-2\/\" \/>\n<meta property=\"og:site_name\" content=\"NESHERGALLERY\" \/>\n<meta property=\"article:publisher\" content=\"https:\/\/www.facebook.com\/mostramaria\" \/>\n<meta property=\"article:modified_time\" content=\"2025-02-01T07:26:43+00:00\" \/>\n<meta property=\"og:image\" content=\"https:\/\/www.neshergallery.com\/wp-content\/uploads\/2020\/01\/NOVA-300x400-1.jpg\" \/>\n\t<meta property=\"og:image:width\" content=\"300\" \/>\n\t<meta property=\"og:image:height\" content=\"400\" \/>\n\t<meta property=\"og:image:type\" content=\"image\/jpeg\" \/>\n<meta name=\"twitter:card\" content=\"summary_large_image\" \/>\n<meta name=\"twitter:label1\" content=\"Tempo di lettura stimato\" \/>\n\t<meta name=\"twitter:data1\" content=\"1 minuto\" \/>\n<script type=\"application\/ld+json\" class=\"yoast-schema-graph\">{\"@context\":\"https:\/\/schema.org\",\"@graph\":[{\"@type\":\"WebPage\",\"@id\":\"https:\/\/www.neshergallery.com\/it\/art-gallery\/sculture-iconiche\/maria-edizioni-limitate\/maria-legno-centenario-tasso-2\/\",\"url\":\"https:\/\/www.neshergallery.com\/it\/art-gallery\/sculture-iconiche\/maria-edizioni-limitate\/maria-legno-centenario-tasso-2\/\",\"name\":\"MARIA Edizioni Limitate legno di tasso centenario legno centenario di tasso\",\"isPartOf\":{\"@id\":\"https:\/\/www.neshergallery.com\/it\/#website\"},\"primaryImageOfPage\":{\"@id\":\"https:\/\/www.neshergallery.com\/it\/art-gallery\/sculture-iconiche\/maria-edizioni-limitate\/maria-legno-centenario-tasso-2\/#primaryimage\"},\"image\":{\"@id\":\"https:\/\/www.neshergallery.com\/it\/art-gallery\/sculture-iconiche\/maria-edizioni-limitate\/maria-legno-centenario-tasso-2\/#primaryimage\"},\"thumbnailUrl\":\"https:\/\/www.neshergallery.com\/wp-content\/uploads\/2020\/01\/NOVA-300x400-1.jpg\",\"datePublished\":\"2020-01-08T11:02:43+00:00\",\"dateModified\":\"2025-02-01T07:26:43+00:00\",\"description\":\"Maria tra le mani. MARIA scolpite in legno centenario di tasso, 22 esemplari firmati e numerati. Dimensioni: 8 cm | 3 in. NESHERGALLERY..\",\"breadcrumb\":{\"@id\":\"https:\/\/www.neshergallery.com\/it\/art-gallery\/sculture-iconiche\/maria-edizioni-limitate\/maria-legno-centenario-tasso-2\/#breadcrumb\"},\"inLanguage\":\"it-IT\",\"potentialAction\":[{\"@type\":\"ReadAction\",\"target\":[\"https:\/\/www.neshergallery.com\/it\/art-gallery\/sculture-iconiche\/maria-edizioni-limitate\/maria-legno-centenario-tasso-2\/\"]}]},{\"@type\":\"ImageObject\",\"inLanguage\":\"it-IT\",\"@id\":\"https:\/\/www.neshergallery.com\/it\/art-gallery\/sculture-iconiche\/maria-edizioni-limitate\/maria-legno-centenario-tasso-2\/#primaryimage\",\"url\":\"https:\/\/www.neshergallery.com\/wp-content\/uploads\/2020\/01\/NOVA-300x400-1.jpg\",\"contentUrl\":\"https:\/\/www.neshergallery.com\/wp-content\/uploads\/2020\/01\/NOVA-300x400-1.jpg\",\"width\":300,\"height\":400,\"caption\":\"The handheld Icon MARIA -5.5 in height carved in centenary brock wood\"},{\"@type\":\"BreadcrumbList\",\"@id\":\"https:\/\/www.neshergallery.com\/it\/art-gallery\/sculture-iconiche\/maria-edizioni-limitate\/maria-legno-centenario-tasso-2\/#breadcrumb\",\"itemListElement\":[{\"@type\":\"ListItem\",\"position\":1,\"name\":\"HOME\",\"item\":\"https:\/\/www.neshergallery.com\/it\/\"},{\"@type\":\"ListItem\",\"position\":2,\"name\":\"ART GALLERY\",\"item\":\"https:\/\/www.neshergallery.com\/it\/shop\/\"},{\"@type\":\"ListItem\",\"position\":3,\"name\":\"Sculture Iconiche\",\"item\":\"https:\/\/www.neshergallery.com\/it\/categoria-prodotto\/sculture-iconiche\/\"},{\"@type\":\"ListItem\",\"position\":4,\"name\":\"MARIA Edizioni Limitate legno di tasso centenario\"}]},{\"@type\":\"WebSite\",\"@id\":\"https:\/\/www.neshergallery.com\/it\/#website\",\"url\":\"https:\/\/www.neshergallery.com\/it\/\",\"name\":\"NESHERGALLERY\",\"description\":\"Guido Dettoni\u2019s sacred art works\",\"publisher\":{\"@id\":\"https:\/\/www.neshergallery.com\/it\/#organization\"},\"potentialAction\":[{\"@type\":\"SearchAction\",\"target\":{\"@type\":\"EntryPoint\",\"urlTemplate\":\"https:\/\/www.neshergallery.com\/it\/?s={search_term_string}\"},\"query-input\":{\"@type\":\"PropertyValueSpecification\",\"valueRequired\":true,\"valueName\":\"search_term_string\"}}],\"inLanguage\":\"it-IT\"},{\"@type\":\"Organization\",\"@id\":\"https:\/\/www.neshergallery.com\/it\/#organization\",\"name\":\"SANTA MARIA DELLE ROSE'S SHOP\",\"alternateName\":\"iconic sculptures by Guido Dettoni della Grazia\",\"url\":\"https:\/\/www.neshergallery.com\/it\/\",\"logo\":{\"@type\":\"ImageObject\",\"inLanguage\":\"it-IT\",\"@id\":\"https:\/\/www.neshergallery.com\/it\/#\/schema\/logo\/image\/\",\"url\":\"https:\/\/www.neshergallery.com\/wp-content\/uploads\/2019\/10\/logo-masc-gd-shop-1.jpg\",\"contentUrl\":\"https:\/\/www.neshergallery.com\/wp-content\/uploads\/2019\/10\/logo-masc-gd-shop-1.jpg\",\"width\":1000,\"height\":172,\"caption\":\"SANTA MARIA DELLE ROSE'S SHOP\"},\"image\":{\"@id\":\"https:\/\/www.neshergallery.com\/it\/#\/schema\/logo\/image\/\"},\"sameAs\":[\"https:\/\/www.facebook.com\/mostramaria\",\"https:\/\/www.instagram.com\/mariaescultura\/\",\"https:\/\/www.youtube.com\/user\/nesherorg\"]}]}<\/script>\n<!-- \/ Yoast SEO plugin. -->","yoast_head_json":{"title":"MARIA Edizioni Limitate legno di tasso centenario legno centenario di tasso","description":"Maria tra le mani. MARIA scolpite in legno centenario di tasso, 22 esemplari firmati e numerati. Dimensioni: 8 cm | 3 in. NESHERGALLERY..","robots":{"index":"index","follow":"follow","max-snippet":"max-snippet:-1","max-image-preview":"max-image-preview:large","max-video-preview":"max-video-preview:-1"},"canonical":"https:\/\/www.neshergallery.com\/it\/art-gallery\/sculture-iconiche\/maria-edizioni-limitate\/maria-legno-centenario-tasso-2\/","og_locale":"it_IT","og_type":"article","og_title":"MARIA Edizioni Limitate legno di tasso centenario legno centenario di tasso","og_description":"Maria tra le mani. MARIA scolpite in legno centenario di tasso, 22 esemplari firmati e numerati. Dimensioni: 8 cm | 3 in. NESHERGALLERY..","og_url":"https:\/\/www.neshergallery.com\/it\/art-gallery\/sculture-iconiche\/maria-edizioni-limitate\/maria-legno-centenario-tasso-2\/","og_site_name":"NESHERGALLERY","article_publisher":"https:\/\/www.facebook.com\/mostramaria","article_modified_time":"2025-02-01T07:26:43+00:00","og_image":[{"width":300,"height":400,"url":"https:\/\/www.neshergallery.com\/wp-content\/uploads\/2020\/01\/NOVA-300x400-1.jpg","type":"image\/jpeg"}],"twitter_card":"summary_large_image","twitter_misc":{"Tempo di lettura stimato":"1 minuto"},"schema":{"@context":"https:\/\/schema.org","@graph":[{"@type":"WebPage","@id":"https:\/\/www.neshergallery.com\/it\/art-gallery\/sculture-iconiche\/maria-edizioni-limitate\/maria-legno-centenario-tasso-2\/","url":"https:\/\/www.neshergallery.com\/it\/art-gallery\/sculture-iconiche\/maria-edizioni-limitate\/maria-legno-centenario-tasso-2\/","name":"MARIA Edizioni Limitate legno di tasso centenario legno centenario di tasso","isPartOf":{"@id":"https:\/\/www.neshergallery.com\/it\/#website"},"primaryImageOfPage":{"@id":"https:\/\/www.neshergallery.com\/it\/art-gallery\/sculture-iconiche\/maria-edizioni-limitate\/maria-legno-centenario-tasso-2\/#primaryimage"},"image":{"@id":"https:\/\/www.neshergallery.com\/it\/art-gallery\/sculture-iconiche\/maria-edizioni-limitate\/maria-legno-centenario-tasso-2\/#primaryimage"},"thumbnailUrl":"https:\/\/www.neshergallery.com\/wp-content\/uploads\/2020\/01\/NOVA-300x400-1.jpg","datePublished":"2020-01-08T11:02:43+00:00","dateModified":"2025-02-01T07:26:43+00:00","description":"Maria tra le mani. MARIA scolpite in legno centenario di tasso, 22 esemplari firmati e numerati. Dimensioni: 8 cm | 3 in. NESHERGALLERY..","breadcrumb":{"@id":"https:\/\/www.neshergallery.com\/it\/art-gallery\/sculture-iconiche\/maria-edizioni-limitate\/maria-legno-centenario-tasso-2\/#breadcrumb"},"inLanguage":"it-IT","potentialAction":[{"@type":"ReadAction","target":["https:\/\/www.neshergallery.com\/it\/art-gallery\/sculture-iconiche\/maria-edizioni-limitate\/maria-legno-centenario-tasso-2\/"]}]},{"@type":"ImageObject","inLanguage":"it-IT","@id":"https:\/\/www.neshergallery.com\/it\/art-gallery\/sculture-iconiche\/maria-edizioni-limitate\/maria-legno-centenario-tasso-2\/#primaryimage","url":"https:\/\/www.neshergallery.com\/wp-content\/uploads\/2020\/01\/NOVA-300x400-1.jpg","contentUrl":"https:\/\/www.neshergallery.com\/wp-content\/uploads\/2020\/01\/NOVA-300x400-1.jpg","width":300,"height":400,"caption":"The handheld Icon MARIA -5.5 in height carved in centenary brock wood"},{"@type":"BreadcrumbList","@id":"https:\/\/www.neshergallery.com\/it\/art-gallery\/sculture-iconiche\/maria-edizioni-limitate\/maria-legno-centenario-tasso-2\/#breadcrumb","itemListElement":[{"@type":"ListItem","position":1,"name":"HOME","item":"https:\/\/www.neshergallery.com\/it\/"},{"@type":"ListItem","position":2,"name":"ART GALLERY","item":"https:\/\/www.neshergallery.com\/it\/shop\/"},{"@type":"ListItem","position":3,"name":"Sculture Iconiche","item":"https:\/\/www.neshergallery.com\/it\/categoria-prodotto\/sculture-iconiche\/"},{"@type":"ListItem","position":4,"name":"MARIA Edizioni Limitate legno di tasso centenario"}]},{"@type":"WebSite","@id":"https:\/\/www.neshergallery.com\/it\/#website","url":"https:\/\/www.neshergallery.com\/it\/","name":"NESHERGALLERY","description":"Guido Dettoni\u2019s sacred art works","publisher":{"@id":"https:\/\/www.neshergallery.com\/it\/#organization"},"potentialAction":[{"@type":"SearchAction","target":{"@type":"EntryPoint","urlTemplate":"https:\/\/www.neshergallery.com\/it\/?s={search_term_string}"},"query-input":{"@type":"PropertyValueSpecification","valueRequired":true,"valueName":"search_term_string"}}],"inLanguage":"it-IT"},{"@type":"Organization","@id":"https:\/\/www.neshergallery.com\/it\/#organization","name":"SANTA MARIA DELLE ROSE'S SHOP","alternateName":"iconic sculptures by Guido Dettoni della Grazia","url":"https:\/\/www.neshergallery.com\/it\/","logo":{"@type":"ImageObject","inLanguage":"it-IT","@id":"https:\/\/www.neshergallery.com\/it\/#\/schema\/logo\/image\/","url":"https:\/\/www.neshergallery.com\/wp-content\/uploads\/2019\/10\/logo-masc-gd-shop-1.jpg","contentUrl":"https:\/\/www.neshergallery.com\/wp-content\/uploads\/2019\/10\/logo-masc-gd-shop-1.jpg","width":1000,"height":172,"caption":"SANTA MARIA DELLE ROSE'S SHOP"},"image":{"@id":"https:\/\/www.neshergallery.com\/it\/#\/schema\/logo\/image\/"},"sameAs":["https:\/\/www.facebook.com\/mostramaria","https:\/\/www.instagram.com\/mariaescultura\/","https:\/\/www.youtube.com\/user\/nesherorg"]}]}},"_links":{"self":[{"href":"https:\/\/www.neshergallery.com\/it\/wp-json\/wp\/v2\/product\/2882","targetHints":{"allow":["GET"]}}],"collection":[{"href":"https:\/\/www.neshergallery.com\/it\/wp-json\/wp\/v2\/product"}],"about":[{"href":"https:\/\/www.neshergallery.com\/it\/wp-json\/wp\/v2\/types\/product"}],"version-history":[{"count":16,"href":"https:\/\/www.neshergallery.com\/it\/wp-json\/wp\/v2\/product\/2882\/revisions"}],"predecessor-version":[{"id":13008,"href":"https:\/\/www.neshergallery.com\/it\/wp-json\/wp\/v2\/product\/2882\/revisions\/13008"}],"wp:featuredmedia":[{"embeddable":true,"href":"https:\/\/www.neshergallery.com\/it\/wp-json\/wp\/v2\/media\/5293"}],"wp:attachment":[{"href":"https:\/\/www.neshergallery.com\/it\/wp-json\/wp\/v2\/media?parent=2882"}],"wp:term":[{"taxonomy":"product_brand","embeddable":true,"href":"https:\/\/www.neshergallery.com\/it\/wp-json\/wp\/v2\/product_brand?post=2882"},{"taxonomy":"product_cat","embeddable":true,"href":"https:\/\/www.neshergallery.com\/it\/wp-json\/wp\/v2\/product_cat?post=2882"},{"taxonomy":"product_tag","embeddable":true,"href":"https:\/\/www.neshergallery.com\/it\/wp-json\/wp\/v2\/product_tag?post=2882"}],"curies":[{"name":"wp","href":"https:\/\/api.w.org\/{rel}","templated":true}]}}